{"id":27,"date":"2018-10-10T08:19:19","date_gmt":"2018-10-10T05:19:19","guid":{"rendered":"https:\/\/polarbusfi.test.cchosting.fi\/?page_id=27"},"modified":"2019-09-09T11:13:34","modified_gmt":"2019-09-09T08:13:34","slug":"kalusto","status":"publish","type":"page","link":"https:\/\/polarbus.fi\/index.php\/kalusto\/","title":{"rendered":"Kalusto"},"content":{"rendered":"<div id=\"pl-27\"  class=\"panel-layout\" ><div id=\"pg-27-0\"  class=\"panel-grid panel-no-style\" ><div id=\"pgc-27-0-0\"  class=\"panel-grid-cell\" ><div id=\"panel-27-0-0-0\" class=\"so-panel widget widget_sow-editor panel-first-child panel-last-child\" data-index=\"0\" ><div class=\"so-widget-sow-editor so-widget-sow-editor-base\">\n<div class=\"siteorigin-widget-tinymce textwidget\">\n\t<h1>Nykyaikainen kalusto<\/h1>\n<p>Polarbus tarjoaa Premium tason Mercedes-Benz merkkist\u00e4 bussikalustoa. Kalustomme pienin bussi on 15-paikkainen ja suurin on 50-paikkainen. Vakiovarusteet ovat: Wifi, ilmastointi, CD, DVD, turvavy\u00f6t, kuulutuslaitteet, j\u00e4\u00e4kaappi ja isoissa busseissa WC.<\/p>\n<\/div>\n<\/div><\/div><\/div><\/div><div id=\"pg-27-1\"  class=\"panel-grid panel-no-style\" ><div id=\"pgc-27-1-0\"  class=\"panel-grid-cell\" ><div id=\"panel-27-1-0-0\" class=\"so-panel widget widget_metaslider_widget panel-first-child panel-last-child\" data-index=\"1\" ><div id=\"metaslider-id-503\" style=\"width: 100%;\" class=\"ml-slider-3-18-0 metaslider metaslider-flex metaslider-503 ml-slider\">\n    <div id=\"metaslider_container_503\">\n        <div id=\"metaslider_503\">\n            <ul aria-live=\"polite\" class=\"slides\">\n                <li style=\"display: block; width: 100%;\" class=\"slide-513 ms-image\"><img src=\"https:\/\/polarbus.fi\/wp-content\/uploads\/2019\/03\/IMG_3976-fix-3000x1000.jpg\" height=\"1000\" width=\"3000\" alt=\"Polarbus bussit 1\" class=\"slider-503 slide-513\" title=\"IMG_3976 fix\" \/><\/li>\n                <li style=\"display: none; width: 100%;\" class=\"slide-514 ms-image\"><img src=\"https:\/\/polarbus.fi\/wp-content\/uploads\/2019\/03\/Auto-5-3000x1000.jpg\" height=\"1000\" width=\"3000\" alt=\"bussi 2\" class=\"slider-503 slide-514\" title=\"Auto 5\" \/><\/li>\n            <\/ul>\n        <\/div>\n        \n    <\/div>\n<\/div><\/div><\/div><\/div><\/div>","protected":false},"excerpt":{"rendered":"<p>Nykyaikainen kalusto Polarbus tarjoaa Premium tason Mercedes-Benz merkkist\u00e4 bussikalustoa. Kalustomme pienin bussi on 15-paikkainen ja suurin on 50-paikkainen. Vakiovarusteet ovat: Wifi, ilmastointi, CD, DVD, turvavy\u00f6t, kuulutuslaitteet, j\u00e4\u00e4kaappi ja isoissa busseissa WC.<\/p>\n","protected":false},"author":1,"featured_media":0,"parent":0,"menu_order":0,"comment_status":"closed","ping_status":"closed","template":"","meta":{"spay_email":""},"jetpack_sharing_enabled":true,"jetpack_shortlink":"https:\/\/wp.me\/PaTbxH-r","_links":{"self":[{"href":"https:\/\/polarbus.fi\/index.php\/wp-json\/wp\/v2\/pages\/27"}],"collection":[{"href":"https:\/\/polarbus.fi\/index.php\/wp-json\/wp\/v2\/pages"}],"about":[{"href":"https:\/\/polarbus.fi\/index.php\/wp-json\/wp\/v2\/types\/page"}],"author":[{"embeddable":true,"href":"https:\/\/polarbus.fi\/index.php\/wp-json\/wp\/v2\/users\/1"}],"replies":[{"embeddable":true,"href":"https:\/\/polarbus.fi\/index.php\/wp-json\/wp\/v2\/comments?post=27"}],"version-history":[{"count":91,"href":"https:\/\/polarbus.fi\/index.php\/wp-json\/wp\/v2\/pages\/27\/revisions"}],"predecessor-version":[{"id":547,"href":"https:\/\/polarbus.fi\/index.php\/wp-json\/wp\/v2\/pages\/27\/revisions\/547"}],"wp:attachment":[{"href":"https:\/\/polarbus.fi\/index.php\/wp-json\/wp\/v2\/media?parent=27"}],"curies":[{"name":"wp","href":"https:\/\/api.w.org\/{rel}","templated":true}]}}